{"id":4448,"date":"2025-10-21T09:22:35","date_gmt":"2025-10-21T09:22:35","guid":{"rendered":"https:\/\/sinuaken.ee\/thank-you\/"},"modified":"2025-10-23T07:49:26","modified_gmt":"2025-10-23T07:49:26","slug":"thank-you","status":"publish","type":"page","link":"https:\/\/sinuaken.ee\/ru\/thank-you\/","title":{"rendered":"Thank you!"},"content":{"rendered":"<p>[et_pb_section fb_built=&#187;1&#8243; custom_padding_last_edited=&#187;on|phone&#187; prev_background_color=&#187;#ffffff&#187; admin_label=&#187;Hero Section&#187; _builder_version=&#187;4.27.4&#8243; use_background_color_gradient=&#187;on&#187; background_color_gradient_type=&#187;circular&#187; background_color_gradient_direction_radial=&#187;top left&#187; background_color_gradient_stops=&#187;#2b303a 4%|rgba(43,48,58,0.5) 100%&#187; background_color_gradient_overlays_image=&#187;on&#187; background_color_gradient_start=&#187;#2b303a&#187; background_color_gradient_start_position=&#187;10%&#187; background_color_gradient_end=&#187;rgba(43,48,58,0.5)&#187; background_image=&#187;https:\/\/sinuaken.ee\/wp-content\/uploads\/2025\/05\/Saasevorgud.jpg&#187; module_alignment=&#187;right&#187; custom_margin=&#187;0px|0px|0px|0px|true|true&#187; custom_margin_tablet=&#187;0px|0px|0px|0px|true|true&#187; custom_margin_phone=&#187;&#187; custom_margin_last_edited=&#187;on|tablet&#187; custom_padding=&#187;5vw|0|5vw|0|true|false&#187; custom_padding_tablet=&#187;|||0px&#187; custom_padding_phone=&#187;120px||120px||true&#187; top_divider_style=&#187;ramp2&#8243; top_divider_height=&#187;75px&#187; top_divider_repeat=&#187;0.5x&#187; top_divider_flip=&#187;vertical|horizontal&#187; bottom_divider_style=&#187;slant2&#8243; bottom_divider_color=&#187;#FFFFFF&#187; bottom_divider_repeat=&#187;1x&#187; bottom_divider_flip=&#187;vertical|horizontal&#187; animation_style=&#187;slide&#187; animation_direction=&#187;top&#187; animation_intensity_slide=&#187;2%&#187; global_colors_info=&#187;{}&#187;][et_pb_row admin_label=&#187;Hero Area&#187; _builder_version=&#187;4.16&#8243; background_size=&#187;initial&#187; background_position=&#187;top_left&#187; background_repeat=&#187;repeat&#187; custom_margin=&#187;|||&#187; global_colors_info=&#187;{}&#187;][et_pb_column type=&#187;4_4&#8243; _builder_version=&#187;4.16&#8243; custom_padding=&#187;|||&#187; global_colors_info=&#187;{}&#187; custom_padding__hover=&#187;|||&#187;][et_pb_text admin_label=&#187;Title&#187; _builder_version=&#187;4.27.4&#8243; text_font=&#187;||||||||&#187; quote_font=&#187;||||||||&#187; header_font=&#187;&#8212;et_global_heading_font|800|||||||&#187; header_font_size=&#187;60px&#187; header_line_height=&#187;1.4em&#187; header_2_font=&#187;||||||||&#187; background_layout=&#187;dark&#187; custom_margin=&#187;|||-40px|false|false&#187; custom_margin_tablet=&#187;&#187; custom_margin_phone=&#187;|||0px&#187; custom_margin_last_edited=&#187;on|phone&#187; custom_padding=&#187;|||30px&#187; animation_style=&#187;slide&#187; animation_direction=&#187;top&#187; animation_intensity_slide=&#187;5%&#187; animation_starting_opacity=&#187;100%&#187; header_font_size_tablet=&#187;40px&#187; header_font_size_phone=&#187;&#187; header_font_size_last_edited=&#187;on|tablet&#187; border_color_all=&#187;#ff5400&#8243; border_width_left=&#187;10px&#187; global_colors_info=&#187;{}&#187;]<\/p>\n<h1 dir=\"auto\">T\u00e4nan teid s\u00f5numi eest.<\/h1>\n<div dir=\"auto\"><\/div>\n<p>[\/et_pb_text][et_pb_text _builder_version=&#187;4.27.4&#8243; text_font=&#187;||||||||&#187; text_font_size=&#187;33px&#187; text_line_height=&#187;1.8em&#187; header_font=&#187;||||||||&#187; background_layout=&#187;dark&#187; max_width_tablet=&#187;&#187; max_width_phone=&#187;&#187; max_width_last_edited=&#187;on|tablet&#187; custom_margin=&#187;|||&#187; custom_padding=&#187;|||&#187; animation_style=&#187;slide&#187; animation_direction=&#187;top&#187; animation_intensity_slide=&#187;5%&#187; animation_starting_opacity=&#187;100%&#187; locked=&#187;off&#187; global_colors_info=&#187;{}&#187;]<\/p>\n<div dir=\"auto\">V\u00f5tame teiega peagi \u00fchendust.<\/div>\n<p>[\/et_pb_text][\/et_pb_column][\/et_pb_row][\/et_pb_section]<\/p>\n","protected":false},"excerpt":{"rendered":"<p>T\u00e4nan teid s\u00f5numi eest. V\u00f5tame teiega peagi \u00fchendust.<\/p>\n","protected":false},"author":1,"featured_media":0,"parent":0,"menu_order":0,"comment_status":"closed","ping_status":"closed","template":"","meta":{"_et_pb_use_builder":"on","_et_pb_old_content":"","_et_gb_content_width":"","_monsterinsights_skip_tracking":false,"_monsterinsights_sitenote_active":false,"_monsterinsights_sitenote_note":"","_monsterinsights_sitenote_category":0,"footnotes":""},"class_list":["post-4448","page","type-page","status-publish","hentry"],"yoast_head":"<!-- This site is optimized with the Yoast SEO plugin v27.4 - https:\/\/yoast.com\/product\/yoast-seo-wordpress\/ -->\n<title>Thank you! - Aknad, PVC Aknad, R&otilde;duklaasid<\/title>\n<meta name=\"robots\" content=\"index, follow, max-snippet:-1, max-image-preview:large, max-video-preview:-1\" \/>\n<link rel=\"canonical\" href=\"https:\/\/sinuaken.ee\/ru\/thank-you\/\" \/>\n<meta property=\"og:locale\" content=\"ru_RU\" \/>\n<meta property=\"og:type\" content=\"article\" \/>\n<meta property=\"og:title\" content=\"Thank you! - Aknad, PVC Aknad, R&otilde;duklaasid\" \/>\n<meta property=\"og:description\" content=\"T\u00e4nan teid s\u00f5numi eest. V\u00f5tame teiega peagi \u00fchendust.\" \/>\n<meta property=\"og:url\" content=\"https:\/\/sinuaken.ee\/ru\/thank-you\/\" \/>\n<meta property=\"og:site_name\" content=\"Aknad, PVC Aknad, R&otilde;duklaasid\" \/>\n<meta property=\"article:modified_time\" content=\"2025-10-23T07:49:26+00:00\" \/>\n<meta name=\"twitter:card\" content=\"summary_large_image\" \/>\n<meta name=\"twitter:label1\" content=\"\u041f\u0440\u0438\u043c\u0435\u0440\u043d\u043e\u0435 \u0432\u0440\u0435\u043c\u044f \u0434\u043b\u044f \u0447\u0442\u0435\u043d\u0438\u044f\" \/>\n\t<meta name=\"twitter:data1\" content=\"1 \u043c\u0438\u043d\u0443\u0442\u0430\" \/>\n<script type=\"application\/ld+json\" class=\"yoast-schema-graph\">{\"@context\":\"https:\\\/\\\/schema.org\",\"@graph\":[{\"@type\":\"WebPage\",\"@id\":\"https:\\\/\\\/sinuaken.ee\\\/ru\\\/thank-you\\\/\",\"url\":\"https:\\\/\\\/sinuaken.ee\\\/ru\\\/thank-you\\\/\",\"name\":\"Thank you! - Aknad, PVC Aknad, R&otilde;duklaasid\",\"isPartOf\":{\"@id\":\"https:\\\/\\\/sinuaken.ee\\\/ru\\\/#website\"},\"datePublished\":\"2025-10-21T09:22:35+00:00\",\"dateModified\":\"2025-10-23T07:49:26+00:00\",\"breadcrumb\":{\"@id\":\"https:\\\/\\\/sinuaken.ee\\\/ru\\\/thank-you\\\/#breadcrumb\"},\"inLanguage\":\"ru-RU\",\"potentialAction\":[{\"@type\":\"ReadAction\",\"target\":[\"https:\\\/\\\/sinuaken.ee\\\/ru\\\/thank-you\\\/\"]}]},{\"@type\":\"BreadcrumbList\",\"@id\":\"https:\\\/\\\/sinuaken.ee\\\/ru\\\/thank-you\\\/#breadcrumb\",\"itemListElement\":[{\"@type\":\"ListItem\",\"position\":1,\"name\":\"Home\",\"item\":\"https:\\\/\\\/sinuaken.ee\\\/ru\\\/\"},{\"@type\":\"ListItem\",\"position\":2,\"name\":\"Thank you!\"}]},{\"@type\":\"WebSite\",\"@id\":\"https:\\\/\\\/sinuaken.ee\\\/ru\\\/#website\",\"url\":\"https:\\\/\\\/sinuaken.ee\\\/ru\\\/\",\"name\":\"Aknad, PVC Aknad, R&otilde;duklaasid\",\"description\":\"Just another WordPress site\",\"publisher\":{\"@id\":\"https:\\\/\\\/sinuaken.ee\\\/ru\\\/#organization\"},\"potentialAction\":[{\"@type\":\"SearchAction\",\"target\":{\"@type\":\"EntryPoint\",\"urlTemplate\":\"https:\\\/\\\/sinuaken.ee\\\/ru\\\/?s={search_term_string}\"},\"query-input\":{\"@type\":\"PropertyValueSpecification\",\"valueRequired\":true,\"valueName\":\"search_term_string\"}}],\"inLanguage\":\"ru-RU\"},{\"@type\":\"Organization\",\"@id\":\"https:\\\/\\\/sinuaken.ee\\\/ru\\\/#organization\",\"name\":\"Aknad, PVC Aknad, R&otilde;duklaasid\",\"url\":\"https:\\\/\\\/sinuaken.ee\\\/ru\\\/\",\"logo\":{\"@type\":\"ImageObject\",\"inLanguage\":\"ru-RU\",\"@id\":\"https:\\\/\\\/sinuaken.ee\\\/ru\\\/#\\\/schema\\\/logo\\\/image\\\/\",\"url\":\"https:\\\/\\\/sinuaken.ee\\\/wp-content\\\/uploads\\\/2024\\\/11\\\/extendify-demo-logo.png\",\"contentUrl\":\"https:\\\/\\\/sinuaken.ee\\\/wp-content\\\/uploads\\\/2024\\\/11\\\/extendify-demo-logo.png\",\"width\":96,\"height\":97,\"caption\":\"Aknad, PVC Aknad, R&otilde;duklaasid\"},\"image\":{\"@id\":\"https:\\\/\\\/sinuaken.ee\\\/ru\\\/#\\\/schema\\\/logo\\\/image\\\/\"}}]}<\/script>\n<!-- \/ Yoast SEO plugin. -->","yoast_head_json":{"title":"Thank you! - Aknad, PVC Aknad, R&otilde;duklaasid","robots":{"index":"index","follow":"follow","max-snippet":"max-snippet:-1","max-image-preview":"max-image-preview:large","max-video-preview":"max-video-preview:-1"},"canonical":"https:\/\/sinuaken.ee\/ru\/thank-you\/","og_locale":"ru_RU","og_type":"article","og_title":"Thank you! - Aknad, PVC Aknad, R&otilde;duklaasid","og_description":"T\u00e4nan teid s\u00f5numi eest. V\u00f5tame teiega peagi \u00fchendust.","og_url":"https:\/\/sinuaken.ee\/ru\/thank-you\/","og_site_name":"Aknad, PVC Aknad, R&otilde;duklaasid","article_modified_time":"2025-10-23T07:49:26+00:00","twitter_card":"summary_large_image","twitter_misc":{"\u041f\u0440\u0438\u043c\u0435\u0440\u043d\u043e\u0435 \u0432\u0440\u0435\u043c\u044f \u0434\u043b\u044f \u0447\u0442\u0435\u043d\u0438\u044f":"1 \u043c\u0438\u043d\u0443\u0442\u0430"},"schema":{"@context":"https:\/\/schema.org","@graph":[{"@type":"WebPage","@id":"https:\/\/sinuaken.ee\/ru\/thank-you\/","url":"https:\/\/sinuaken.ee\/ru\/thank-you\/","name":"Thank you! - Aknad, PVC Aknad, R&otilde;duklaasid","isPartOf":{"@id":"https:\/\/sinuaken.ee\/ru\/#website"},"datePublished":"2025-10-21T09:22:35+00:00","dateModified":"2025-10-23T07:49:26+00:00","breadcrumb":{"@id":"https:\/\/sinuaken.ee\/ru\/thank-you\/#breadcrumb"},"inLanguage":"ru-RU","potentialAction":[{"@type":"ReadAction","target":["https:\/\/sinuaken.ee\/ru\/thank-you\/"]}]},{"@type":"BreadcrumbList","@id":"https:\/\/sinuaken.ee\/ru\/thank-you\/#breadcrumb","itemListElement":[{"@type":"ListItem","position":1,"name":"Home","item":"https:\/\/sinuaken.ee\/ru\/"},{"@type":"ListItem","position":2,"name":"Thank you!"}]},{"@type":"WebSite","@id":"https:\/\/sinuaken.ee\/ru\/#website","url":"https:\/\/sinuaken.ee\/ru\/","name":"Aknad, PVC Aknad, R&otilde;duklaasid","description":"Just another WordPress site","publisher":{"@id":"https:\/\/sinuaken.ee\/ru\/#organization"},"potentialAction":[{"@type":"SearchAction","target":{"@type":"EntryPoint","urlTemplate":"https:\/\/sinuaken.ee\/ru\/?s={search_term_string}"},"query-input":{"@type":"PropertyValueSpecification","valueRequired":true,"valueName":"search_term_string"}}],"inLanguage":"ru-RU"},{"@type":"Organization","@id":"https:\/\/sinuaken.ee\/ru\/#organization","name":"Aknad, PVC Aknad, R&otilde;duklaasid","url":"https:\/\/sinuaken.ee\/ru\/","logo":{"@type":"ImageObject","inLanguage":"ru-RU","@id":"https:\/\/sinuaken.ee\/ru\/#\/schema\/logo\/image\/","url":"https:\/\/sinuaken.ee\/wp-content\/uploads\/2024\/11\/extendify-demo-logo.png","contentUrl":"https:\/\/sinuaken.ee\/wp-content\/uploads\/2024\/11\/extendify-demo-logo.png","width":96,"height":97,"caption":"Aknad, PVC Aknad, R&otilde;duklaasid"},"image":{"@id":"https:\/\/sinuaken.ee\/ru\/#\/schema\/logo\/image\/"}}]}},"_links":{"self":[{"href":"https:\/\/sinuaken.ee\/ru\/wp-json\/wp\/v2\/pages\/4448","targetHints":{"allow":["GET"]}}],"collection":[{"href":"https:\/\/sinuaken.ee\/ru\/wp-json\/wp\/v2\/pages"}],"about":[{"href":"https:\/\/sinuaken.ee\/ru\/wp-json\/wp\/v2\/types\/page"}],"author":[{"embeddable":true,"href":"https:\/\/sinuaken.ee\/ru\/wp-json\/wp\/v2\/users\/1"}],"replies":[{"embeddable":true,"href":"https:\/\/sinuaken.ee\/ru\/wp-json\/wp\/v2\/comments?post=4448"}],"version-history":[{"count":1,"href":"https:\/\/sinuaken.ee\/ru\/wp-json\/wp\/v2\/pages\/4448\/revisions"}],"predecessor-version":[{"id":4450,"href":"https:\/\/sinuaken.ee\/ru\/wp-json\/wp\/v2\/pages\/4448\/revisions\/4450"}],"wp:attachment":[{"href":"https:\/\/sinuaken.ee\/ru\/wp-json\/wp\/v2\/media?parent=4448"}],"curies":[{"name":"wp","href":"https:\/\/api.w.org\/{rel}","templated":true}]}}